{"id":1445,"date":"2023-10-23T18:02:40","date_gmt":"2023-10-23T16:02:40","guid":{"rendered":"https:\/\/musee-fromage-paris.com\/events\/"},"modified":"2023-11-11T11:47:53","modified_gmt":"2023-11-11T10:47:53","slug":"events","status":"publish","type":"page","link":"https:\/\/musee-fromage-paris.com\/en\/events\/","title":{"rendered":"Events"},"content":{"rendered":"\t\t<div data-elementor-type=\"wp-page\" data-elementor-id=\"1445\" class=\"elementor elementor-1445 elementor-448\" data-elementor-post-type=\"page\">\n\t\t\t\t<div class=\"elementor-element elementor-element-496854a e-flex e-con-boxed e-con e-parent\" data-id=\"496854a\" data-element_type=\"container\" data-e-type=\"container\">\n\t\t\t\t\t<div class=\"e-con-inner\">\n\t\t\t\t<div class=\"elementor-element elementor-element-c102dd3 elementor-widget elementor-widget-template\" data-id=\"c102dd3\" data-element_type=\"widget\" data-e-type=\"widget\" data-widget_type=\"template.default\">\n\t\t\t\t<div class=\"elementor-widget-container\">\n\t\t\t\t\t\t\t<div class=\"elementor-template\">\n\t\t\t\t\t<div data-elementor-type=\"container\" data-elementor-id=\"514\" class=\"elementor elementor-514\" data-elementor-post-type=\"elementor_library\">\n\t\t\t\t<aside class=\"elementor-element elementor-element-3f7dc98d e-flex e-con-boxed e-con e-child\" data-id=\"3f7dc98d\" data-element_type=\"container\" data-e-type=\"container\">\n\t\t\t\t\t<div class=\"e-con-inner\">\n\t\t\t\t<div class=\"elementor-element elementor-element-f93cfdd elementor-view-framed elementor-shape-square elementor-position-inline-start elementor-tablet-position-inline-start elementor-mobile-position-inline-start elementor-widget elementor-widget-icon-box\" data-id=\"f93cfdd\" data-element_type=\"widget\" data-e-type=\"widget\" data-widget_type=\"icon-box.default\">\n\t\t\t\t<div class=\"elementor-widget-container\">\n\t\t\t\t\t\t\t<div class=\"elementor-icon-box-wrapper\">\n\n\t\t\t\t\t\t<div class=\"elementor-icon-box-icon\">\n\t\t\t\t<span  class=\"elementor-icon\">\n\t\t\t\t<i aria-hidden=\"true\" class=\"fas fa-bullhorn\"><\/i>\t\t\t\t<\/span>\n\t\t\t<\/div>\n\t\t\t\n\t\t\t\t\t\t<div class=\"elementor-icon-box-content\">\n\n\t\t\t\t\t\t\t\t\t<p class=\"elementor-icon-box-title\">\n\t\t\t\t\t\t<span  >\n\t\t\t\t\t\t\t\u00c0 venir\t\t\t\t\t\t<\/span>\n\t\t\t\t\t<\/p>\n\t\t\t\t\n\t\t\t\t\n\t\t\t<\/div>\n\t\t\t\n\t\t<\/div>\n\t\t\t\t\t\t<\/div>\n\t\t\t\t<\/div>\n\t\t\t\t\t<\/div>\n\t\t\t\t<\/aside>\n\t\t<div class=\"elementor-element elementor-element-8b23a54 e-flex e-con-boxed e-con e-parent\" data-id=\"8b23a54\" data-element_type=\"container\" data-e-type=\"container\">\n\t\t\t\t\t<div class=\"e-con-inner\">\n\t\t\t\t<div class=\"elementor-element elementor-element-b02ef6f elementor-align-center elementor-widget elementor-widget-button\" data-id=\"b02ef6f\" data-element_type=\"widget\" data-e-type=\"widget\" data-widget_type=\"button.default\">\n\t\t\t\t<div class=\"elementor-widget-container\">\n\t\t\t\t\t\t\t\t\t<div class=\"elementor-button-wrapper\">\n\t\t\t\t\t<a class=\"elementor-button elementor-button-link elementor-size-sm elementor-animation-grow\" href=\"https:\/\/musee-fromage-paris.com\/actualites\/\">\n\t\t\t\t\t\t<span class=\"elementor-button-content-wrapper\">\n\t\t\t\t\t\t<span class=\"elementor-button-icon\">\n\t\t\t\t<i aria-hidden=\"true\" class=\"fas fa-bullhorn\"><\/i>\t\t\t<\/span>\n\t\t\t\t\t\t\t\t\t<span class=\"elementor-button-text\">Toutes les actus<\/span>\n\t\t\t\t\t<\/span>\n\t\t\t\t\t<\/a>\n\t\t\t\t<\/div>\n\t\t\t\t\t\t\t\t<\/div>\n\t\t\t\t<\/div>\n\t\t\t\t\t<\/div>\n\t\t\t\t<\/div>\n\t\t<div class=\"elementor-element elementor-element-9ce3d35 e-flex e-con-boxed e-con e-parent\" data-id=\"9ce3d35\" data-element_type=\"container\" data-e-type=\"container\">\n\t\t\t\t\t<div class=\"e-con-inner\">\n\t\t\t\t<div class=\"elementor-element elementor-element-6f6aaaf elementor-widget elementor-widget-heading\" data-id=\"6f6aaaf\" data-element_type=\"widget\" data-e-type=\"widget\" data-widget_type=\"heading.default\">\n\t\t\t\t<div class=\"elementor-widget-container\">\n\t\t\t\t\t<p class=\"elementor-heading-title elementor-size-default\">Pour ne manquer aucune actualit\u00e9 suivez-vous sur nos r\u00e9seaux sociaux !<\/p>\t\t\t\t<\/div>\n\t\t\t\t<\/div>\n\t\t\t\t<div class=\"elementor-element elementor-element-3cae8b5 elementor-shape-rounded elementor-grid-0 e-grid-align-center elementor-widget elementor-widget-social-icons\" data-id=\"3cae8b5\" data-element_type=\"widget\" data-e-type=\"widget\" data-widget_type=\"social-icons.default\">\n\t\t\t\t<div class=\"elementor-widget-container\">\n\t\t\t\t\t\t\t<div class=\"elementor-social-icons-wrapper elementor-grid\" role=\"list\">\n\t\t\t\t\t\t\t<span class=\"elementor-grid-item\" role=\"listitem\">\n\t\t\t\t\t<a class=\"elementor-icon elementor-social-icon elementor-social-icon-facebook-f elementor-animation-grow elementor-repeater-item-3f1b7ac\" href=\"https:\/\/www.facebook.com\/ParolesDeFromagers\" target=\"_blank\">\n\t\t\t\t\t\t<span class=\"elementor-screen-only\">Facebook-f<\/span>\n\t\t\t\t\t\t<i aria-hidden=\"true\" class=\"fab fa-facebook-f\"><\/i>\t\t\t\t\t<\/a>\n\t\t\t\t<\/span>\n\t\t\t\t\t\t\t<span class=\"elementor-grid-item\" role=\"listitem\">\n\t\t\t\t\t<a class=\"elementor-icon elementor-social-icon elementor-social-icon- elementor-animation-grow elementor-repeater-item-5c0ce3c\" href=\"https:\/\/www.instagram.com\/parolesdefromagers\/\" target=\"_blank\">\n\t\t\t\t\t\t<span class=\"elementor-screen-only\"><\/span>\n\t\t\t\t\t\t<svg xmlns=\"http:\/\/www.w3.org\/2000\/svg\" id=\"aaf4d88f-6908-42b9-b3d6-5d6a3ec06a43\" data-name=\"Layer 1\" width=\"27\" height=\"26\" viewBox=\"0 0 27 26\"><path d=\"M26.9922,13.12c0-1.952.0071-3.904-.0054-5.856a7.4912,7.4912,0,0,0-.12-1.3338,6.9762,6.9762,0,0,0-2.4989-4.1911,7.3149,7.3149,0,0,0-4.73-1.7279c-4.031-.02-8.0623-.0061-12.0935-.0071a7.347,7.347,0,0,0-3.6653.907,6.9367,6.9367,0,0,0-3.85,6.2265C-.025,11.0332.0121,14.93.0169,18.8272a6.5069,6.5069,0,0,0,.8908,3.3475A7.2785,7.2785,0,0,0,7.419,25.9708c4.0565.0558,8.1145.0148,12.1719.0131a7.6378,7.6378,0,0,0,4.9015-1.8408,6.9218,6.9218,0,0,0,2.4928-5.276C27.0143,16.9517,26.9915,15.0354,26.9922,13.12ZM13.4174,20.21a7.3625,7.3625,0,0,1-7.4061-7.2182,7.3505,7.3505,0,0,1,7.4992-7.2115,7.3516,7.3516,0,0,1,7.4852,7.2146A7.37,7.37,0,0,1,13.4174,20.21ZM22.4962,5.7791a1.48,1.48,0,0,1-1.5005-1.4476,1.5014,1.5014,0,0,1,3-.0009A1.481,1.481,0,0,1,22.4962,5.7791Z\" transform=\"translate(0 0)\" style=\"fill-rule:evenodd\"><\/path><path d=\"M13.4969,8.3571a4.7331,4.7331,0,0,0-4.8183,4.6445,4.74,4.74,0,0,0,4.8241,4.6413,4.74,4.74,0,0,0,4.8187-4.6466A4.7342,4.7342,0,0,0,13.4969,8.3571Z\" transform=\"translate(0 0)\" style=\"fill-rule:evenodd\"><\/path><\/svg>\t\t\t\t\t<\/a>\n\t\t\t\t<\/span>\n\t\t\t\t\t\t\t<span class=\"elementor-grid-item\" role=\"listitem\">\n\t\t\t\t\t<a class=\"elementor-icon elementor-social-icon elementor-social-icon-linkedin elementor-animation-grow elementor-repeater-item-828f132\" href=\"https:\/\/www.linkedin.com\/company\/parolesdefromagers\/posts\/?feedView=all\" target=\"_blank\">\n\t\t\t\t\t\t<span class=\"elementor-screen-only\">Linkedin<\/span>\n\t\t\t\t\t\t<i aria-hidden=\"true\" class=\"fab fa-linkedin\"><\/i>\t\t\t\t\t<\/a>\n\t\t\t\t<\/span>\n\t\t\t\t\t<\/div>\n\t\t\t\t\t\t<\/div>\n\t\t\t\t<\/div>\n\t\t\t\t\t<\/div>\n\t\t\t\t<\/div>\n\t\t\t\t<\/div>\n\t\t\t\t<\/div>\n\t\t\t\t\t\t<\/div>\n\t\t\t\t<\/div>\n\t\t\t\t\t<\/div>\n\t\t\t\t<\/div>\n\t\t\t\t<\/div>\n\t\t","protected":false},"excerpt":{"rendered":"<p>Nov 18 8h00 &#8211; 17h00Les Iere journ\u00e9es mondiales du fromageFind out more D\u00e9c 26 8h00 &#8211; 17h00Colloque &#8220;Le fromage est-il l&#8217;avenir de l&#8217;homme ?&#8221;Find out more<\/p>\n","protected":false},"author":3,"featured_media":0,"parent":0,"menu_order":16,"comment_status":"closed","ping_status":"closed","template":"","meta":{"_acf_changed":false,"inline_featured_image":false,"_glsr_average":0,"_glsr_ranking":0,"_glsr_reviews":0,"footnotes":""},"class_list":["post-1445","page","type-page","status-publish","hentry"],"acf":[],"yoast_head":"<!-- This site is optimized with the Yoast SEO plugin v27.3 - https:\/\/yoast.com\/product\/yoast-seo-wordpress\/ -->\n<title>Events - Mus\u00e9e du fromage<\/title>\n<meta name=\"robots\" content=\"index, follow, max-snippet:-1, max-image-preview:large, max-video-preview:-1\" \/>\n<link rel=\"canonical\" href=\"https:\/\/musee-fromage-paris.com\/en\/events\/\" \/>\n<meta property=\"og:locale\" content=\"en_US\" \/>\n<meta property=\"og:type\" content=\"article\" \/>\n<meta property=\"og:title\" content=\"Events - Mus\u00e9e du fromage\" \/>\n<meta property=\"og:description\" content=\"Nov 18 8h00 &#8211; 17h00Les Iere journ\u00e9es mondiales du fromageFind out more D\u00e9c 26 8h00 &#8211; 17h00Colloque &#8220;Le fromage est-il l&#8217;avenir de l&#8217;homme ?&#8221;Find out more\" \/>\n<meta property=\"og:url\" content=\"https:\/\/musee-fromage-paris.com\/en\/events\/\" \/>\n<meta property=\"og:site_name\" content=\"Mus\u00e9e du fromage\" \/>\n<meta property=\"article:publisher\" content=\"https:\/\/www.facebook.com\/ParolesDeFromagers\/?locale=fr_FR\" \/>\n<meta property=\"article:modified_time\" content=\"2023-11-11T10:47:53+00:00\" \/>\n<meta name=\"twitter:card\" content=\"summary_large_image\" \/>\n<script type=\"application\/ld+json\" class=\"yoast-schema-graph\">{\"@context\":\"https:\\\/\\\/schema.org\",\"@graph\":[{\"@type\":\"WebPage\",\"@id\":\"https:\\\/\\\/musee-fromage-paris.com\\\/en\\\/events\\\/\",\"url\":\"https:\\\/\\\/musee-fromage-paris.com\\\/en\\\/events\\\/\",\"name\":\"Events - Mus\u00e9e du fromage\",\"isPartOf\":{\"@id\":\"https:\\\/\\\/musee-fromage-paris.com\\\/en\\\/#website\"},\"datePublished\":\"2023-10-23T16:02:40+00:00\",\"dateModified\":\"2023-11-11T10:47:53+00:00\",\"breadcrumb\":{\"@id\":\"https:\\\/\\\/musee-fromage-paris.com\\\/en\\\/events\\\/#breadcrumb\"},\"inLanguage\":\"en-US\",\"potentialAction\":[{\"@type\":\"ReadAction\",\"target\":[\"https:\\\/\\\/musee-fromage-paris.com\\\/en\\\/events\\\/\"]}]},{\"@type\":\"BreadcrumbList\",\"@id\":\"https:\\\/\\\/musee-fromage-paris.com\\\/en\\\/events\\\/#breadcrumb\",\"itemListElement\":[{\"@type\":\"ListItem\",\"position\":1,\"name\":\"Accueil\",\"item\":\"https:\\\/\\\/musee-fromage-paris.com\\\/en\\\/\"},{\"@type\":\"ListItem\",\"position\":2,\"name\":\"Events\"}]},{\"@type\":\"WebSite\",\"@id\":\"https:\\\/\\\/musee-fromage-paris.com\\\/en\\\/#website\",\"url\":\"https:\\\/\\\/musee-fromage-paris.com\\\/en\\\/\",\"name\":\"Mus\u00e9e du fromage\",\"description\":\"\",\"publisher\":{\"@id\":\"https:\\\/\\\/musee-fromage-paris.com\\\/en\\\/#organization\"},\"potentialAction\":[{\"@type\":\"SearchAction\",\"target\":{\"@type\":\"EntryPoint\",\"urlTemplate\":\"https:\\\/\\\/musee-fromage-paris.com\\\/en\\\/?s={search_term_string}\"},\"query-input\":{\"@type\":\"PropertyValueSpecification\",\"valueRequired\":true,\"valueName\":\"search_term_string\"}}],\"inLanguage\":\"en-US\"},{\"@type\":\"Organization\",\"@id\":\"https:\\\/\\\/musee-fromage-paris.com\\\/en\\\/#organization\",\"name\":\"Mus\u00e9e du fromage\",\"url\":\"https:\\\/\\\/musee-fromage-paris.com\\\/en\\\/\",\"logo\":{\"@type\":\"ImageObject\",\"inLanguage\":\"en-US\",\"@id\":\"https:\\\/\\\/musee-fromage-paris.com\\\/en\\\/#\\\/schema\\\/logo\\\/image\\\/\",\"url\":\"https:\\\/\\\/musee-fromage-paris.com\\\/wp-content\\\/uploads\\\/2023\\\/10\\\/PDF_logo_musee_horizontal.svg\",\"contentUrl\":\"https:\\\/\\\/musee-fromage-paris.com\\\/wp-content\\\/uploads\\\/2023\\\/10\\\/PDF_logo_musee_horizontal.svg\",\"width\":362,\"height\":80,\"caption\":\"Mus\u00e9e du fromage\"},\"image\":{\"@id\":\"https:\\\/\\\/musee-fromage-paris.com\\\/en\\\/#\\\/schema\\\/logo\\\/image\\\/\"},\"sameAs\":[\"https:\\\/\\\/www.facebook.com\\\/ParolesDeFromagers\\\/?locale=fr_FR\",\"https:\\\/\\\/www.instagram.com\\\/parolesdefromagers\\\/?hl=fr\"]}]}<\/script>\n<!-- \/ Yoast SEO plugin. -->","yoast_head_json":{"title":"Events - Mus\u00e9e du fromage","robots":{"index":"index","follow":"follow","max-snippet":"max-snippet:-1","max-image-preview":"max-image-preview:large","max-video-preview":"max-video-preview:-1"},"canonical":"https:\/\/musee-fromage-paris.com\/en\/events\/","og_locale":"en_US","og_type":"article","og_title":"Events - Mus\u00e9e du fromage","og_description":"Nov 18 8h00 &#8211; 17h00Les Iere journ\u00e9es mondiales du fromageFind out more D\u00e9c 26 8h00 &#8211; 17h00Colloque &#8220;Le fromage est-il l&#8217;avenir de l&#8217;homme ?&#8221;Find out more","og_url":"https:\/\/musee-fromage-paris.com\/en\/events\/","og_site_name":"Mus\u00e9e du fromage","article_publisher":"https:\/\/www.facebook.com\/ParolesDeFromagers\/?locale=fr_FR","article_modified_time":"2023-11-11T10:47:53+00:00","twitter_card":"summary_large_image","schema":{"@context":"https:\/\/schema.org","@graph":[{"@type":"WebPage","@id":"https:\/\/musee-fromage-paris.com\/en\/events\/","url":"https:\/\/musee-fromage-paris.com\/en\/events\/","name":"Events - Mus\u00e9e du fromage","isPartOf":{"@id":"https:\/\/musee-fromage-paris.com\/en\/#website"},"datePublished":"2023-10-23T16:02:40+00:00","dateModified":"2023-11-11T10:47:53+00:00","breadcrumb":{"@id":"https:\/\/musee-fromage-paris.com\/en\/events\/#breadcrumb"},"inLanguage":"en-US","potentialAction":[{"@type":"ReadAction","target":["https:\/\/musee-fromage-paris.com\/en\/events\/"]}]},{"@type":"BreadcrumbList","@id":"https:\/\/musee-fromage-paris.com\/en\/events\/#breadcrumb","itemListElement":[{"@type":"ListItem","position":1,"name":"Accueil","item":"https:\/\/musee-fromage-paris.com\/en\/"},{"@type":"ListItem","position":2,"name":"Events"}]},{"@type":"WebSite","@id":"https:\/\/musee-fromage-paris.com\/en\/#website","url":"https:\/\/musee-fromage-paris.com\/en\/","name":"Mus\u00e9e du fromage","description":"","publisher":{"@id":"https:\/\/musee-fromage-paris.com\/en\/#organization"},"potentialAction":[{"@type":"SearchAction","target":{"@type":"EntryPoint","urlTemplate":"https:\/\/musee-fromage-paris.com\/en\/?s={search_term_string}"},"query-input":{"@type":"PropertyValueSpecification","valueRequired":true,"valueName":"search_term_string"}}],"inLanguage":"en-US"},{"@type":"Organization","@id":"https:\/\/musee-fromage-paris.com\/en\/#organization","name":"Mus\u00e9e du fromage","url":"https:\/\/musee-fromage-paris.com\/en\/","logo":{"@type":"ImageObject","inLanguage":"en-US","@id":"https:\/\/musee-fromage-paris.com\/en\/#\/schema\/logo\/image\/","url":"https:\/\/musee-fromage-paris.com\/wp-content\/uploads\/2023\/10\/PDF_logo_musee_horizontal.svg","contentUrl":"https:\/\/musee-fromage-paris.com\/wp-content\/uploads\/2023\/10\/PDF_logo_musee_horizontal.svg","width":362,"height":80,"caption":"Mus\u00e9e du fromage"},"image":{"@id":"https:\/\/musee-fromage-paris.com\/en\/#\/schema\/logo\/image\/"},"sameAs":["https:\/\/www.facebook.com\/ParolesDeFromagers\/?locale=fr_FR","https:\/\/www.instagram.com\/parolesdefromagers\/?hl=fr"]}]}},"_links":{"self":[{"href":"https:\/\/musee-fromage-paris.com\/en\/wp-json\/wp\/v2\/pages\/1445","targetHints":{"allow":["GET"]}}],"collection":[{"href":"https:\/\/musee-fromage-paris.com\/en\/wp-json\/wp\/v2\/pages"}],"about":[{"href":"https:\/\/musee-fromage-paris.com\/en\/wp-json\/wp\/v2\/types\/page"}],"author":[{"embeddable":true,"href":"https:\/\/musee-fromage-paris.com\/en\/wp-json\/wp\/v2\/users\/3"}],"replies":[{"embeddable":true,"href":"https:\/\/musee-fromage-paris.com\/en\/wp-json\/wp\/v2\/comments?post=1445"}],"version-history":[{"count":1,"href":"https:\/\/musee-fromage-paris.com\/en\/wp-json\/wp\/v2\/pages\/1445\/revisions"}],"predecessor-version":[{"id":1446,"href":"https:\/\/musee-fromage-paris.com\/en\/wp-json\/wp\/v2\/pages\/1445\/revisions\/1446"}],"wp:attachment":[{"href":"https:\/\/musee-fromage-paris.com\/en\/wp-json\/wp\/v2\/media?parent=1445"}],"curies":[{"name":"wp","href":"https:\/\/api.w.org\/{rel}","templated":true}]}}