{"id":3276,"date":"2025-01-27T15:18:37","date_gmt":"2025-01-27T14:18:37","guid":{"rendered":"https:\/\/musee-fromage-paris.com\/privatization-of-the-museum\/organisez-votre-evenement-dentreprise-au-musee-vivant-du-fromage-a-paris\/"},"modified":"2025-07-22T20:22:33","modified_gmt":"2025-07-22T18:22:33","slug":"organisez-votre-evenement-dentreprise-au-musee-vivant-du-fromage-a-paris","status":"publish","type":"page","link":"https:\/\/musee-fromage-paris.com\/en\/privatization-of-the-museum\/organisez-votre-evenement-dentreprise-au-musee-vivant-du-fromage-a-paris\/","title":{"rendered":"Organisez votre \u00e9v\u00e9nement d\u2019entreprise au Mus\u00e9e Vivant du Fromage \u00e0 Paris !"},"content":{"rendered":"\t\t<div data-elementor-type=\"wp-page\" data-elementor-id=\"3276\" class=\"elementor elementor-3276 elementor-3229\" data-elementor-post-type=\"page\">\n\t\t\t\t<div class=\"elementor-element elementor-element-24353ce9 e-flex e-con-boxed e-con e-parent\" data-id=\"24353ce9\" data-element_type=\"container\" data-e-type=\"container\">\n\t\t\t\t\t<div class=\"e-con-inner\">\n\t\t\t\t<div class=\"elementor-element elementor-element-45858388 elementor-widget elementor-widget-text-editor\" data-id=\"45858388\" data-element_type=\"widget\" data-e-type=\"widget\" data-widget_type=\"text-editor.default\">\n\t\t\t\t<div class=\"elementor-widget-container\">\n\t\t\t\t\t\t\t\t\t\n<h2 class=\"wp-block-heading\">Faites de votre \u00e9v\u00e9nement d&#8217;entreprise un moment m\u00e9morable<\/h2>\n\n<p>Vous cherchez un lieu unique pour organiser votre prochain<strong> \u00e9v\u00e9nement d&#8217;entreprise \u00e0 Paris <\/strong>? Le <strong>Mus\u00e9e du Fromage<\/strong> est l\u2019endroit id\u00e9al pour accueillir vos collaborateurs, clients ou partenaires dans un cadre original et chaleureux. Que ce soit pour des s\u00e9minaires, des r\u00e9unions, des anniversaires d&#8217;entreprise ou des cocktails, notre mus\u00e9e offre une ambiance unique et professionnelle au c\u0153ur de Paris.<\/p>\n\n<h2 class=\"wp-block-heading\">Pourquoi choisir le Mus\u00e9e du Fromage pour vos \u00e9v\u00e9nements d&#8217;entreprise \u00e0 Paris ?<\/h2>\n\n<ol class=\"wp-block-list\">\n<li><strong>Une exp\u00e9rience immersive autour du fromage<\/strong> : Offrez \u00e0 vos invit\u00e9s une exp\u00e9rience originale avec nos ateliers de fabrication de fromage, nos d\u00e9gustations anim\u00e9es par des fromagers experts, ainsi que nos accords fromage et vin sur mesure.<\/li>\n\n<li><strong>Des prestations sur mesure<\/strong> : Cocktail d\u00eenatoire, repas gastronomique, ou buffet de fromages\u2026 Nous nous adaptons \u00e0 vos besoins pour garantir un service de qualit\u00e9 et une exp\u00e9rience inoubliable.<\/li>\n\n<li><strong>Un cadre historique avec des \u00e9quipements modernes<\/strong> : Profitez de notre cave du XVIIe si\u00e8cle, tout en ayant acc\u00e8s \u00e0 des \u00e9quipements modernes (sonorisation, \u00e9clairage, d\u00e9coration) pour une organisation optimale de votre \u00e9v\u00e9nement.<\/li>\n\n<li><strong>Un lieu central \u00e0 Paris<\/strong> : Situ\u00e9 au c\u0153ur de Paris, \u00e0 proximit\u00e9 de la place de la R\u00e9publique et du Canal Saint-Martin, notre mus\u00e9e est facilement accessible pour vos invit\u00e9s.<\/li>\n<\/ol>\n\n<h2 class=\"wp-block-heading\">Id\u00e9es d&#8217;\u00e9v\u00e9nements d&#8217;entreprise au Mus\u00e9e du Fromage<\/h2>\n\n<p>Voici quelques<strong> id\u00e9es d\u2019\u00e9v\u00e9nements d\u2019entreprises<\/strong> que vous pouvez organiser avec nous \u00e0 Paris :<\/p>\n\n<h3 class=\"wp-block-heading\">D\u00e9gustation de fromages et accords vins<\/h3>\n\n<p>Un <strong>moment convivial <\/strong>o\u00f9 vos invit\u00e9s pourront d\u00e9couvrir l\u2019art des accords fromages-vins, anim\u00e9 par un expert fromager.<\/p>\n\n<h3 class=\"wp-block-heading\">Ateliers de fabrication de fromage : id\u00e9al pour le team building<\/h3>\n\n<p>Organisez des ateliers interactifs pour <strong>renforcer l\u2019esprit d\u2019\u00e9quipe (activit\u00e9 team building) <\/strong>et apprendre les secrets de la fabrication du fromage.<\/p>\n\n<h3 class=\"wp-block-heading\">Soir\u00e9es de r\u00e9seautage et cocktails<\/h3>\n\n<p>Avec nos espaces modulables, vous pouvez organiser des \u00e9v\u00e9nements de <strong>r\u00e9seautage <\/strong>et des <strong>cocktails <\/strong>dans une ambiance unique et chaleureuse.<\/p>\n\n<h3 class=\"wp-block-heading\">Anniversaires d\u2019entreprise et c\u00e9l\u00e9brations<\/h3>\n\n<p>C\u00e9l\u00e9brez les r\u00e9ussites de votre entreprise dans un lieu atypique et convivial tout en r\u00e9veillant les papilles de vos \u00e9quipes de la meilleure des fa\u00e7ons.<\/p>\n\n<h2 class=\"wp-block-heading\">Organisez un \u00e9v\u00e9nement d&#8217;entreprise sur mesure \u00e0 Paris<\/h2>\n\n<p>Nos offres de privatisation pour <strong>\u00e9v\u00e9nements professionnels \u00e0 Paris <\/strong>s&#8217;adaptent \u00e0 vos besoins sp\u00e9cifiques. Que vous organisiez un s\u00e9minaire, une conf\u00e9rence, un anniversaire d&#8217;entreprise ou une soir\u00e9e de fin d&#8217;ann\u00e9e, nous avons la solution pour que votre \u00e9v\u00e9nement soit \u00e0 la hauteur de vos attentes.<\/p>\n\n<p>N\u2019h\u00e9sitez plus et contactez-nous pour <strong>organiser votre \u00e9v\u00e9nement d\u2019entreprise \u00e0 Paris <\/strong>!<\/p>\n\n<h3 class=\"wp-block-heading\"><strong>Formulaire de demande devis<\/strong><\/h3>\n\n<p>\u00a0<\/p>\n\t\t\t\t\t\t\t\t<\/div>\n\t\t\t\t<\/div>\n\t\t<div class=\"elementor-element elementor-element-1ea5035 e-con-full e-flex e-con e-child\" data-id=\"1ea5035\" data-element_type=\"container\" data-e-type=\"container\">\n\t\t\t\t<div class=\"elementor-element elementor-element-1210c1f elementor-button-align-stretch elementor-widget elementor-widget-form\" data-id=\"1210c1f\" data-element_type=\"widget\" data-e-type=\"widget\" data-settings=\"{&quot;step_next_label&quot;:&quot;Suivant&quot;,&quot;step_previous_label&quot;:&quot;Pr\\u00e9c\\u00e9dent&quot;,&quot;button_width&quot;:&quot;100&quot;,&quot;step_type&quot;:&quot;number_text&quot;,&quot;step_icon_shape&quot;:&quot;circle&quot;}\" data-widget_type=\"form.default\">\n\t\t\t\t<div class=\"elementor-widget-container\">\n\t\t\t\t\t\t\t<form class=\"elementor-form\" method=\"post\" name=\"Nouveau formulaire\" aria-label=\"Nouveau formulaire\">\n\t\t\t<input type=\"hidden\" name=\"post_id\" value=\"3276\"\/>\n\t\t\t<input type=\"hidden\" name=\"form_id\" value=\"1210c1f\"\/>\n\t\t\t<input type=\"hidden\" name=\"referer_title\" value=\"Bookez votre \u00e9v\u00e9nement d\u2019entreprise au Mus\u00e9e du Fromage !\" \/>\n\n\t\t\t\t\t\t\t<input type=\"hidden\" name=\"queried_id\" value=\"3276\"\/>\n\t\t\t\n\t\t\t<div class=\"elementor-form-fields-wrapper elementor-labels-above\">\n\t\t\t\t\t\t\t\t<div class=\"elementor-field-type-text elementor-field-group elementor-column elementor-field-group-name elementor-col-100\">\n\t\t\t\t\t\t\t\t\t\t\t\t<label for=\"form-field-name\" class=\"elementor-field-label\">\n\t\t\t\t\t\t\t\tNom\t\t\t\t\t\t\t<\/label>\n\t\t\t\t\t\t\t\t\t\t\t\t\t\t<input size=\"1\" type=\"text\" name=\"form_fields[name]\" id=\"form-field-name\" class=\"elementor-field elementor-size-sm  elementor-field-textual\" placeholder=\"Nom\">\n\t\t\t\t\t\t\t\t\t\t\t<\/div>\n\t\t\t\t\t\t\t\t<div class=\"elementor-field-type-email elementor-field-group elementor-column elementor-field-group-email elementor-col-100 elementor-field-required\">\n\t\t\t\t\t\t\t\t\t\t\t\t<label for=\"form-field-email\" class=\"elementor-field-label\">\n\t\t\t\t\t\t\t\tE-mail\t\t\t\t\t\t\t<\/label>\n\t\t\t\t\t\t\t\t\t\t\t\t\t\t<input size=\"1\" type=\"email\" name=\"form_fields[email]\" id=\"form-field-email\" class=\"elementor-field elementor-size-sm  elementor-field-textual\" placeholder=\"E-mail\" required=\"required\">\n\t\t\t\t\t\t\t\t\t\t\t<\/div>\n\t\t\t\t\t\t\t\t<div class=\"elementor-field-type-textarea elementor-field-group elementor-column elementor-field-group-message elementor-col-100\">\n\t\t\t\t\t\t\t\t\t\t\t\t<label for=\"form-field-message\" class=\"elementor-field-label\">\n\t\t\t\t\t\t\t\tMessage\t\t\t\t\t\t\t<\/label>\n\t\t\t\t\t\t<textarea class=\"elementor-field-textual elementor-field  elementor-size-sm\" name=\"form_fields[message]\" id=\"form-field-message\" rows=\"4\" placeholder=\"Message\"><\/textarea>\t\t\t\t<\/div>\n\t\t\t\t\t\t\t\t<div class=\"elementor-field-group elementor-column elementor-field-type-submit elementor-col-100 e-form__buttons\">\n\t\t\t\t\t<button class=\"elementor-button elementor-size-sm\" type=\"submit\">\n\t\t\t\t\t\t<span class=\"elementor-button-content-wrapper\">\n\t\t\t\t\t\t\t\t\t\t\t\t\t\t\t\t\t\t\t\t\t\t<span class=\"elementor-button-text\">Envoyer<\/span>\n\t\t\t\t\t\t\t\t\t\t\t\t\t<\/span>\n\t\t\t\t\t<\/button>\n\t\t\t\t<\/div>\n\t\t\t<\/div>\n\t\t<\/form>\n\t\t\t\t\t\t<\/div>\n\t\t\t\t<\/div>\n\t\t\t\t<\/div>\n\t\t\t\t\t<\/div>\n\t\t\t\t<\/div>\n\t\t\t\t<\/div>\n\t\t","protected":false},"excerpt":{"rendered":"<p>Faites de votre \u00e9v\u00e9nement d&#8217;entreprise un moment m\u00e9morable Vous cherchez un lieu unique pour organiser votre prochain \u00e9v\u00e9nement d&#8217;entreprise \u00e0 Paris ? Le Mus\u00e9e du Fromage est l\u2019endroit id\u00e9al pour accueillir vos collaborateurs, clients ou partenaires dans un cadre original et chaleureux. Que ce soit pour des s\u00e9minaires, des r\u00e9unions, des anniversaires d&#8217;entreprise ou des [&hellip;]<\/p>\n","protected":false},"author":8,"featured_media":0,"parent":1455,"menu_order":5,"comment_status":"closed","ping_status":"closed","template":"","meta":{"_acf_changed":false,"inline_featured_image":false,"_glsr_average":0,"_glsr_ranking":0,"_glsr_reviews":0,"footnotes":""},"class_list":["post-3276","page","type-page","status-publish","hentry"],"acf":[],"yoast_head":"<!-- This site is optimized with the Yoast SEO plugin v27.3 - https:\/\/yoast.com\/product\/yoast-seo-wordpress\/ -->\n<title>Bookez votre \u00e9v\u00e9nement d\u2019entreprise au Mus\u00e9e du Fromage !<\/title>\n<meta name=\"description\" content=\"D\u00e9couvrez le Mus\u00e9e du Fromage \u00e0 Paris, un lieu original pour organiser votre \u00e9v\u00e9nement d\u2019entreprise : soir\u00e9es d\u2019entreprise, cocktails\u2026\" \/>\n<meta name=\"robots\" content=\"index, follow, max-snippet:-1, max-image-preview:large, max-video-preview:-1\" \/>\n<link rel=\"canonical\" href=\"https:\/\/musee-fromage-paris.com\/en\/privatization-of-the-museum\/organisez-votre-evenement-dentreprise-au-musee-vivant-du-fromage-a-paris\/\" \/>\n<meta property=\"og:locale\" content=\"en_US\" \/>\n<meta property=\"og:type\" content=\"article\" \/>\n<meta property=\"og:title\" content=\"Bookez votre \u00e9v\u00e9nement d\u2019entreprise au Mus\u00e9e du Fromage !\" \/>\n<meta property=\"og:description\" content=\"D\u00e9couvrez le Mus\u00e9e du Fromage \u00e0 Paris, un lieu original pour organiser votre \u00e9v\u00e9nement d\u2019entreprise : soir\u00e9es d\u2019entreprise, cocktails\u2026\" \/>\n<meta property=\"og:url\" content=\"https:\/\/musee-fromage-paris.com\/en\/privatization-of-the-museum\/organisez-votre-evenement-dentreprise-au-musee-vivant-du-fromage-a-paris\/\" \/>\n<meta property=\"og:site_name\" content=\"Mus\u00e9e du fromage\" \/>\n<meta property=\"article:publisher\" content=\"https:\/\/www.facebook.com\/ParolesDeFromagers\/?locale=fr_FR\" \/>\n<meta property=\"article:modified_time\" content=\"2025-07-22T18:22:33+00:00\" \/>\n<meta name=\"twitter:card\" content=\"summary_large_image\" \/>\n<meta name=\"twitter:label1\" content=\"Est. reading time\" \/>\n\t<meta name=\"twitter:data1\" content=\"3 minutes\" \/>\n<script type=\"application\/ld+json\" class=\"yoast-schema-graph\">{\"@context\":\"https:\\\/\\\/schema.org\",\"@graph\":[{\"@type\":\"WebPage\",\"@id\":\"https:\\\/\\\/musee-fromage-paris.com\\\/en\\\/privatization-of-the-museum\\\/organisez-votre-evenement-dentreprise-au-musee-vivant-du-fromage-a-paris\\\/\",\"url\":\"https:\\\/\\\/musee-fromage-paris.com\\\/en\\\/privatization-of-the-museum\\\/organisez-votre-evenement-dentreprise-au-musee-vivant-du-fromage-a-paris\\\/\",\"name\":\"Bookez votre \u00e9v\u00e9nement d\u2019entreprise au Mus\u00e9e du Fromage !\",\"isPartOf\":{\"@id\":\"https:\\\/\\\/musee-fromage-paris.com\\\/en\\\/#website\"},\"datePublished\":\"2025-01-27T14:18:37+00:00\",\"dateModified\":\"2025-07-22T18:22:33+00:00\",\"description\":\"D\u00e9couvrez le Mus\u00e9e du Fromage \u00e0 Paris, un lieu original pour organiser votre \u00e9v\u00e9nement d\u2019entreprise : soir\u00e9es d\u2019entreprise, cocktails\u2026\",\"breadcrumb\":{\"@id\":\"https:\\\/\\\/musee-fromage-paris.com\\\/en\\\/privatization-of-the-museum\\\/organisez-votre-evenement-dentreprise-au-musee-vivant-du-fromage-a-paris\\\/#breadcrumb\"},\"inLanguage\":\"en-US\",\"potentialAction\":[{\"@type\":\"ReadAction\",\"target\":[\"https:\\\/\\\/musee-fromage-paris.com\\\/en\\\/privatization-of-the-museum\\\/organisez-votre-evenement-dentreprise-au-musee-vivant-du-fromage-a-paris\\\/\"]}]},{\"@type\":\"BreadcrumbList\",\"@id\":\"https:\\\/\\\/musee-fromage-paris.com\\\/en\\\/privatization-of-the-museum\\\/organisez-votre-evenement-dentreprise-au-musee-vivant-du-fromage-a-paris\\\/#breadcrumb\",\"itemListElement\":[{\"@type\":\"ListItem\",\"position\":1,\"name\":\"Accueil\",\"item\":\"https:\\\/\\\/musee-fromage-paris.com\\\/en\\\/\"},{\"@type\":\"ListItem\",\"position\":2,\"name\":\"Privatization of the museum\",\"item\":\"https:\\\/\\\/musee-fromage-paris.com\\\/en\\\/privatization-of-the-museum\\\/\"},{\"@type\":\"ListItem\",\"position\":3,\"name\":\"Organisez votre \u00e9v\u00e9nement d\u2019entreprise au Mus\u00e9e Vivant du Fromage \u00e0 Paris !\"}]},{\"@type\":\"WebSite\",\"@id\":\"https:\\\/\\\/musee-fromage-paris.com\\\/en\\\/#website\",\"url\":\"https:\\\/\\\/musee-fromage-paris.com\\\/en\\\/\",\"name\":\"Mus\u00e9e du fromage\",\"description\":\"\",\"publisher\":{\"@id\":\"https:\\\/\\\/musee-fromage-paris.com\\\/en\\\/#organization\"},\"potentialAction\":[{\"@type\":\"SearchAction\",\"target\":{\"@type\":\"EntryPoint\",\"urlTemplate\":\"https:\\\/\\\/musee-fromage-paris.com\\\/en\\\/?s={search_term_string}\"},\"query-input\":{\"@type\":\"PropertyValueSpecification\",\"valueRequired\":true,\"valueName\":\"search_term_string\"}}],\"inLanguage\":\"en-US\"},{\"@type\":\"Organization\",\"@id\":\"https:\\\/\\\/musee-fromage-paris.com\\\/en\\\/#organization\",\"name\":\"Mus\u00e9e du fromage\",\"url\":\"https:\\\/\\\/musee-fromage-paris.com\\\/en\\\/\",\"logo\":{\"@type\":\"ImageObject\",\"inLanguage\":\"en-US\",\"@id\":\"https:\\\/\\\/musee-fromage-paris.com\\\/en\\\/#\\\/schema\\\/logo\\\/image\\\/\",\"url\":\"https:\\\/\\\/musee-fromage-paris.com\\\/wp-content\\\/uploads\\\/2023\\\/10\\\/PDF_logo_musee_horizontal.svg\",\"contentUrl\":\"https:\\\/\\\/musee-fromage-paris.com\\\/wp-content\\\/uploads\\\/2023\\\/10\\\/PDF_logo_musee_horizontal.svg\",\"width\":362,\"height\":80,\"caption\":\"Mus\u00e9e du fromage\"},\"image\":{\"@id\":\"https:\\\/\\\/musee-fromage-paris.com\\\/en\\\/#\\\/schema\\\/logo\\\/image\\\/\"},\"sameAs\":[\"https:\\\/\\\/www.facebook.com\\\/ParolesDeFromagers\\\/?locale=fr_FR\",\"https:\\\/\\\/www.instagram.com\\\/parolesdefromagers\\\/?hl=fr\"]}]}<\/script>\n<!-- \/ Yoast SEO plugin. -->","yoast_head_json":{"title":"Bookez votre \u00e9v\u00e9nement d\u2019entreprise au Mus\u00e9e du Fromage !","description":"D\u00e9couvrez le Mus\u00e9e du Fromage \u00e0 Paris, un lieu original pour organiser votre \u00e9v\u00e9nement d\u2019entreprise : soir\u00e9es d\u2019entreprise, cocktails\u2026","robots":{"index":"index","follow":"follow","max-snippet":"max-snippet:-1","max-image-preview":"max-image-preview:large","max-video-preview":"max-video-preview:-1"},"canonical":"https:\/\/musee-fromage-paris.com\/en\/privatization-of-the-museum\/organisez-votre-evenement-dentreprise-au-musee-vivant-du-fromage-a-paris\/","og_locale":"en_US","og_type":"article","og_title":"Bookez votre \u00e9v\u00e9nement d\u2019entreprise au Mus\u00e9e du Fromage !","og_description":"D\u00e9couvrez le Mus\u00e9e du Fromage \u00e0 Paris, un lieu original pour organiser votre \u00e9v\u00e9nement d\u2019entreprise : soir\u00e9es d\u2019entreprise, cocktails\u2026","og_url":"https:\/\/musee-fromage-paris.com\/en\/privatization-of-the-museum\/organisez-votre-evenement-dentreprise-au-musee-vivant-du-fromage-a-paris\/","og_site_name":"Mus\u00e9e du fromage","article_publisher":"https:\/\/www.facebook.com\/ParolesDeFromagers\/?locale=fr_FR","article_modified_time":"2025-07-22T18:22:33+00:00","twitter_card":"summary_large_image","twitter_misc":{"Est. reading time":"3 minutes"},"schema":{"@context":"https:\/\/schema.org","@graph":[{"@type":"WebPage","@id":"https:\/\/musee-fromage-paris.com\/en\/privatization-of-the-museum\/organisez-votre-evenement-dentreprise-au-musee-vivant-du-fromage-a-paris\/","url":"https:\/\/musee-fromage-paris.com\/en\/privatization-of-the-museum\/organisez-votre-evenement-dentreprise-au-musee-vivant-du-fromage-a-paris\/","name":"Bookez votre \u00e9v\u00e9nement d\u2019entreprise au Mus\u00e9e du Fromage !","isPartOf":{"@id":"https:\/\/musee-fromage-paris.com\/en\/#website"},"datePublished":"2025-01-27T14:18:37+00:00","dateModified":"2025-07-22T18:22:33+00:00","description":"D\u00e9couvrez le Mus\u00e9e du Fromage \u00e0 Paris, un lieu original pour organiser votre \u00e9v\u00e9nement d\u2019entreprise : soir\u00e9es d\u2019entreprise, cocktails\u2026","breadcrumb":{"@id":"https:\/\/musee-fromage-paris.com\/en\/privatization-of-the-museum\/organisez-votre-evenement-dentreprise-au-musee-vivant-du-fromage-a-paris\/#breadcrumb"},"inLanguage":"en-US","potentialAction":[{"@type":"ReadAction","target":["https:\/\/musee-fromage-paris.com\/en\/privatization-of-the-museum\/organisez-votre-evenement-dentreprise-au-musee-vivant-du-fromage-a-paris\/"]}]},{"@type":"BreadcrumbList","@id":"https:\/\/musee-fromage-paris.com\/en\/privatization-of-the-museum\/organisez-votre-evenement-dentreprise-au-musee-vivant-du-fromage-a-paris\/#breadcrumb","itemListElement":[{"@type":"ListItem","position":1,"name":"Accueil","item":"https:\/\/musee-fromage-paris.com\/en\/"},{"@type":"ListItem","position":2,"name":"Privatization of the museum","item":"https:\/\/musee-fromage-paris.com\/en\/privatization-of-the-museum\/"},{"@type":"ListItem","position":3,"name":"Organisez votre \u00e9v\u00e9nement d\u2019entreprise au Mus\u00e9e Vivant du Fromage \u00e0 Paris !"}]},{"@type":"WebSite","@id":"https:\/\/musee-fromage-paris.com\/en\/#website","url":"https:\/\/musee-fromage-paris.com\/en\/","name":"Mus\u00e9e du fromage","description":"","publisher":{"@id":"https:\/\/musee-fromage-paris.com\/en\/#organization"},"potentialAction":[{"@type":"SearchAction","target":{"@type":"EntryPoint","urlTemplate":"https:\/\/musee-fromage-paris.com\/en\/?s={search_term_string}"},"query-input":{"@type":"PropertyValueSpecification","valueRequired":true,"valueName":"search_term_string"}}],"inLanguage":"en-US"},{"@type":"Organization","@id":"https:\/\/musee-fromage-paris.com\/en\/#organization","name":"Mus\u00e9e du fromage","url":"https:\/\/musee-fromage-paris.com\/en\/","logo":{"@type":"ImageObject","inLanguage":"en-US","@id":"https:\/\/musee-fromage-paris.com\/en\/#\/schema\/logo\/image\/","url":"https:\/\/musee-fromage-paris.com\/wp-content\/uploads\/2023\/10\/PDF_logo_musee_horizontal.svg","contentUrl":"https:\/\/musee-fromage-paris.com\/wp-content\/uploads\/2023\/10\/PDF_logo_musee_horizontal.svg","width":362,"height":80,"caption":"Mus\u00e9e du fromage"},"image":{"@id":"https:\/\/musee-fromage-paris.com\/en\/#\/schema\/logo\/image\/"},"sameAs":["https:\/\/www.facebook.com\/ParolesDeFromagers\/?locale=fr_FR","https:\/\/www.instagram.com\/parolesdefromagers\/?hl=fr"]}]}},"_links":{"self":[{"href":"https:\/\/musee-fromage-paris.com\/en\/wp-json\/wp\/v2\/pages\/3276","targetHints":{"allow":["GET"]}}],"collection":[{"href":"https:\/\/musee-fromage-paris.com\/en\/wp-json\/wp\/v2\/pages"}],"about":[{"href":"https:\/\/musee-fromage-paris.com\/en\/wp-json\/wp\/v2\/types\/page"}],"author":[{"embeddable":true,"href":"https:\/\/musee-fromage-paris.com\/en\/wp-json\/wp\/v2\/users\/8"}],"replies":[{"embeddable":true,"href":"https:\/\/musee-fromage-paris.com\/en\/wp-json\/wp\/v2\/comments?post=3276"}],"version-history":[{"count":5,"href":"https:\/\/musee-fromage-paris.com\/en\/wp-json\/wp\/v2\/pages\/3276\/revisions"}],"predecessor-version":[{"id":3740,"href":"https:\/\/musee-fromage-paris.com\/en\/wp-json\/wp\/v2\/pages\/3276\/revisions\/3740"}],"up":[{"embeddable":true,"href":"https:\/\/musee-fromage-paris.com\/en\/wp-json\/wp\/v2\/pages\/1455"}],"wp:attachment":[{"href":"https:\/\/musee-fromage-paris.com\/en\/wp-json\/wp\/v2\/media?parent=3276"}],"curies":[{"name":"wp","href":"https:\/\/api.w.org\/{rel}","templated":true}]}}